{"id":918,"date":"2014-08-17T21:16:44","date_gmt":"2014-08-17T19:16:44","guid":{"rendered":"http:\/\/www.d-m-p.biz\/eismann\/?page_id=918"},"modified":"2015-04-26T11:35:28","modified_gmt":"2015-04-26T09:35:28","slug":"bio","status":"publish","type":"page","link":"https:\/\/www.werner-eismann.de\/?page_id=918","title":{"rendered":"Biographie"},"content":{"rendered":"<p>Werner Eismann<\/p>\n<p><strong>Geboren am 24. Okt. 1957.<\/strong>\u00a0W\u00fcnschte sich irgendwann im Sommer 1969 eine Wandergitarre zu Weihnachten mit Bruder Gerhard. Der Wunsch geriet jedoch in Vergessenheit und die \u00dcberraschung Weihnachten 1968 war umso gr\u00f6sser. Dann gab es Gitarrenunterricht in der Instrumentalgruppe der GSK Kirchhain bei\u00a0<strong>Frau Henkel<\/strong>\u00a0(&#8230; sie ist Schuld &#8230; an allem &#8230;). Frau Henkel hatte es schwer mit den Eism\u00e4nnern, denn &#8230; sie waren g r o t t e n s c h l e c h t, weil stinkfaul. Doch es geschah und wir \u00fcbten: C-Dur. Was f\u00fcr ein Akkord! &#8211; fanden wir. Es hatte uns erwischt! Die Droge Musik ist der W A H N S I N N !!! Nur gut, dass es so gekommen ist &#8230; Was w\u00e4re sonst aus uns geworden? Nicht vorstellbar diese Katastrophe!<\/p>\n<p><strong>Instrumentalgruppe GSK:<\/strong>\u00a0Wir, Gerhard und ich, trafen nach langem Suchen\u00a0<strong>Klaus Nass<\/strong>\u00a0(Trommeln) und\u00a0<strong>Ottmar Schick<\/strong>\u00a0(Orgel).Wir spielten unaufh\u00f6rlich\u00a0<strong>&#8230; El condor pasa &#8230;<\/strong>\u00a0Auf Grund st\u00e4ndigen Nervens und ein paar cooler Gigs mit der GSK-Truppe wurden wir getrennt, rausgeschmissen oder gingen irgendwie von alleine. Ist so lange her, dass ich nicht mehr sagen kann, wie es genau war. Alles in allem sehr, sehr nette Erinnerungen &#8230;<br \/>\n<strong>Und nochmals: Danke Martha Henkel!<\/strong><\/p>\n<p><strong>1971:\u00a0<\/strong>13 Jahre alt &#8230; wir waren nun selbst\u00e4ndig.<br \/>\nUnser Name:\u00a0<strong>THE BLUES<\/strong><br \/>\n<strong>1. Auftritt<\/strong>\u00a0am 7. Nov. 1971.\u00a0<strong>Beatabend im Saal Raabe in Mardorf<\/strong>\u00a0&#8211; Eintritt 1,50 DM &#8211; 300 Leute &#8211; inkl. Pfarrer. Bis Ende des Jahres gab`s noch 4 Gigs. Nicht schlecht &#8230;<\/p>\n<p><a href=\"http:\/\/www.werner-eismann.de\/wp-content\/uploads\/2014\/08\/bio_1.jpg\"><img loading=\"lazy\" class=\"alignnone  wp-image-960\" src=\"http:\/\/www.werner-eismann.de\/wp-content\/uploads\/2014\/08\/bio_1.jpg\" alt=\"bio_1\" width=\"270\" height=\"211\" \/><\/a><\/p>\n<p><strong>1972:\u00a0<\/strong>Neuer Name:\u00a0<strong>THE KEEN<\/strong><br \/>\nMit\u00a0<em>The Keen<\/em>\u00a0machten wir ohne Orgelspieler weiter. Mir tat`s sehr leid, da ich schon damals kein Freund von drastischen Ma\u00dfnahmen war. Insgesamt 16 Gigs.<\/p>\n<p><a href=\"http:\/\/www.werner-eismann.de\/wp-content\/uploads\/2014\/08\/bio_2.jpg\"><img loading=\"lazy\" class=\"alignnone  wp-image-961\" src=\"http:\/\/www.werner-eismann.de\/wp-content\/uploads\/2014\/08\/bio_2.jpg\" alt=\"bio_2\" width=\"362\" height=\"241\" \/><\/a><br \/>\n<strong>1973:\u00a0<\/strong>8 Gigs, mindestens 2-mal neues Programm.<\/p>\n<p><strong>1974:\u00a0<\/strong>7 Gigs, gleich 3-mal neues Programm und \u00fcben, \u00fcben, \u00fcben.<\/p>\n<p><strong>1975:\u00a0<\/strong>Neuer Name:\u00a0<strong>FRANTIC STYLE<\/strong><br \/>\nAb jetzt wird&#8217;s heftig. Wir spielen alle mehrere Instrumente auf der B\u00fchne, machen total verr\u00fcckte Musik. Lieder mit 26 verschiedenen Teilen waren normal. Unglaublich! Das Publikum verstand \u00fcberhaupt nichts mehr. Absolutly crazy!<\/p>\n<p><strong>1976:\u00a0<\/strong>Neuer Name:\u00a0<strong>EISMANN NASS EISMANN<\/strong><br \/>\nMusik mit technisch gigantisch hohem Niveau. Damals\u2026 Der Grundstein f\u00fcr alles, was ich heute kann.<\/p>\n<p><strong>1977:\u00a0<\/strong>Es musste etwas Neues passieren.\u00a0<strong>Ralf Lippmann<\/strong>\u00a0kam in die Band. 2 Wochen sp\u00e4ter\u00a0<strong>Ina<\/strong>, seine Schwester, noch 2 Wochen sp\u00e4ter\u00a0<strong>`Ringo`<\/strong>\u00a0Anselm Benner. Neuer Name:\u00a0<strong>SCRIFIS<\/strong>. Das ging ein Jahr gut.<\/p>\n<p><strong>1978:\u00a0<\/strong>&#8230; Tusch &#8230;\u00a0<strong>S O F T E I S<\/strong>\u00a0was born.<br \/>\nMit:<br \/>\nGerhard Eismann<br \/>\nWerner Eismann<br \/>\nGerald Schwarz, sp\u00e4ter dann Robert L. Langstroff<br \/>\nEleonore Wittekindt<br \/>\nPeter Bellendir, sp\u00e4ter dann Michael Walter<br \/>\n<a href=\"http:\/\/www.werner-eismann.de\/wp-content\/uploads\/2014\/08\/bio_3.jpg\"><img loading=\"lazy\" class=\"alignnone  wp-image-962\" src=\"http:\/\/www.werner-eismann.de\/wp-content\/uploads\/2014\/08\/bio_3.jpg\" alt=\"bio_3\" width=\"244\" height=\"471\" \/><\/a>mit Peter und Gerald<\/p>\n<p>mit Michael und Robert<br \/>\nUnter unglaublichen Bedingungen spielten wir die\u00a0<strong>1. LP `The colours of a rainbow`<\/strong>\u00a0ein (CDs gab\u2019s noch nicht). 10 Tage Tour S\u00fcddeutschland und \u00d6sterreich.<br \/>\n<a href=\"http:\/\/www.werner-eismann.de\/wp-content\/uploads\/2014\/08\/bio_4.jpg\"><img loading=\"lazy\" class=\"alignnone size-full wp-image-963\" src=\"http:\/\/www.werner-eismann.de\/wp-content\/uploads\/2014\/08\/bio_4.jpg\" alt=\"bio_4\" width=\"100\" height=\"100\" \/><\/a><br \/>\n<strong>1979:\u00a0<\/strong>23 Gigs<\/p>\n<p><strong>1980:\u00a02. LP Eiskalt<\/strong>\u00a0klingt schon viel besser (tolle Gitarren).<\/p>\n<p><a href=\"http:\/\/www.d-m-p.biz\/eismann\/wp-content\/uploads\/2014\/08\/bio_5.jpg\"><img loading=\"lazy\" class=\"alignnone size-full wp-image-964\" src=\"http:\/\/www.werner-eismann.de\/wp-content\/uploads\/2014\/08\/bio_5.jpg\" alt=\"bio_5\" width=\"100\" height=\"100\" \/><\/a><br \/>\n<strong>1981\/1982:\u00a0<\/strong>Gigs und Filmmusikaufnahmen.<br \/>\nAufl\u00f6sung. Warum? Sag ich nicht!<\/p>\n<p><strong>1983:\u00a0<\/strong>Ich mache aktiv keine Musik mehr.<\/p>\n<p>Aber\u00a0<strong>Tonstudio Marburg<\/strong>\u00a0&#8230; Jahr um Jahr.<\/p>\n<p><a href=\"http:\/\/www.werner-eismann.de\/wp-content\/uploads\/2014\/08\/bio_6.jpg\"><img loading=\"lazy\" class=\"alignnone  wp-image-965\" src=\"http:\/\/www.werner-eismann.de\/wp-content\/uploads\/2014\/08\/bio_6-231x300.jpg\" alt=\"bio_6\" width=\"317\" height=\"411\" \/><\/a>\u00a0\u00a0\u00a0\u00a0 <a href=\"http:\/\/www.d-m-p.biz\/eismann\/wp-content\/uploads\/2014\/08\/bio_7.jpg\"><img loading=\"lazy\" class=\"alignnone  wp-image-966\" src=\"http:\/\/www.werner-eismann.de\/wp-content\/uploads\/2014\/08\/bio_7-279x300.jpg\" alt=\"bio_7\" width=\"213\" height=\"229\" \/><\/a><br \/>\n<strong>1985\/1986:\u00a0<\/strong>Softeis again &#8230; dann schon wieder Schluss. Ok, mein Bruder war nicht dabei.<\/p>\n<p><strong>1987 &#8211; 1990:\u00a0<\/strong>Tonstudio MR. Viel Arbeit.<br \/>\n1990 kamen\u00a0<strong>Ronny<\/strong>\u00a0und seine damalige Band\u00a0<em>Iron Age<\/em>\u00a0zu mir ins Studio und machten eine Single. Ronny fiel mir noch nicht auf. Ca. 1 Jahr sp\u00e4ter kamen er und seine M\u00e4nner nochmals zu mir, nahmen 4 Titel auf und fragten mich sehr geschickt, ob ich nicht die B\u00e4sse einspielen k\u00f6nnte, da sie zur Zeit keinen\u00a0<em>Basser <\/em>h\u00e4tten.\u00a0<em>&#8220;&#8230; na klar, mach ich doch gerne &#8230;&#8221;<\/em>\u00a0Die Musik war gut. Der Bass scheinbar auch. Am allerbesten jedoch war Ronny, dessen Stimme eine wundersame Wandlung durchlief, als ich mit ihm zu\u00a0<em>arbeiten<\/em>\u00a0begann. Er schrie nicht mehr, er sang. Der Chef h\u00f6rte sein Talent und war begeistert. Von nun an hatte die Gruppe einen Bassmann. Als dann noch der damals 19j\u00e4hrige\u00a0<strong>Armin Holten<\/strong>\u00a0dazu kam, war\u00a0<strong>Master of disaster<\/strong>\u00a0komplett. (An alle Menschen der schreibenden Zunft: disaster schreibt\u00a0<strong><em>frau<\/em><\/strong>\u00a0in England mit\u00a0<strong>i<\/strong>\u00a0und in Amiland mit\u00a0<strong>e<\/strong>.)<br \/>\nAb jetzt gibt es CDs.<\/p>\n<p><strong>1992 &#8211; 1994:<\/strong>\u00a0viele Gigs, auch in Luxemburg. Tolles Licht. Schrott-PA. Geile Backline. Dieter (Git.) mit 4 kompletten Marshallstacks &#8211; unglaublich, heftigste Gitarrenanlage, die ich je zu Gesicht bekam.<\/p>\n<p><strong>1993:<\/strong><br \/>\n<strong>1. CD mit MASTER OF DISASTER &#8216;Stay alive&#8217;<\/strong><br \/>\nFeine CD, gutes EXTRO und sch\u00f6ne Chorges\u00e4nge.<\/p>\n<p><strong>1995:\u00a0<\/strong>Umzug Studio und Proberaum, wobei uns alle Keyboarder und Gitarristen verloren gingen. Wie auch immer &#8230;<br \/>\nMit neuem Keyboarder\u00a0<strong>Ralf Klose<\/strong>\u00a0und Gitarrist\u00a0<strong>Gerhard Eismann<\/strong>\u00a0entschlossen wir uns, den Namen zu \u00e4ndern: Was meint ihr wohl? Klar:<strong> S O F T E I S<\/strong>\u00a0is back again.<\/p>\n<p><a href=\"http:\/\/www.werner-eismann.de\/wp-content\/uploads\/2014\/08\/bio_7a.jpg\"><img loading=\"lazy\" class=\"alignnone  wp-image-972\" src=\"http:\/\/www.werner-eismann.de\/wp-content\/uploads\/2014\/08\/bio_7a-300x212.jpg\" alt=\"bio_7a\" width=\"429\" height=\"303\" \/><\/a><\/p>\n<p>Nach einigen Gigs und viel Vorbereitung ver\u00f6ffentlichten wir die<br \/>\n<strong>1. SOFTEIS CD<\/strong>, \u00a0<strong>NEVER ENOUGH &#8230;<\/strong><\/p>\n<p><a href=\"http:\/\/www.werner-eismann.de\/wp-content\/uploads\/2014\/08\/bio_9.jpg\"><img loading=\"lazy\" class=\"alignnone size-full wp-image-967\" src=\"http:\/\/www.werner-eismann.de\/wp-content\/uploads\/2014\/08\/bio_9.jpg\" alt=\"bio_9\" width=\"100\" height=\"100\" \/><\/a><br \/>\n<strong>1997:\u00a0Ronny&#8217;s Rock Show,\u00a0<\/strong>ein Projekt von\u00a0<strong>SOFTEIS<\/strong>, coole covers. Alles l\u00e4uft parallel, weil gleiche Bandbesetzung.<\/p>\n<p><strong>1998:\u00a02. SOFTEIS CD &#8216;SOFTEIS LIVE&#8217;<\/strong>\u00a0\u2013 braucht <strong><em>Mann<\/em><\/strong> &#8211;<\/p>\n<p><a href=\"http:\/\/www.werner-eismann.de\/wp-content\/uploads\/2014\/08\/bio_10.jpg\"><img loading=\"lazy\" class=\"alignnone size-full wp-image-968\" src=\"http:\/\/www.werner-eismann.de\/wp-content\/uploads\/2014\/08\/bio_10.jpg\" alt=\"bio_10\" width=\"100\" height=\"100\" \/><\/a><br \/>\n<strong>1999:\u00a0<\/strong>Das\u00a0<strong>PURPLE<\/strong>-Projekt mit erstem Gig, Stadtfest Giessen, war saugut.<br \/>\n<strong>Purple<\/strong> ist das 2. Projekt, das parallel zu Softeis l\u00e4uft. Klingt kompliziert, ist es aber nicht. Deep Purple zu spielen ist einfach nur klasse. Es macht so viel Spa\u00df.. Die Zeit von <strong>&#8216;In Rock&#8217;<\/strong>\u00a0ist Protest der Jugend. Es ist mein Lebensgef\u00fchl. Bis heute und immer weiter.<br \/>\nArmin ist unser neuer Orgelspieler bei Purple.<\/p>\n<p><a href=\"http:\/\/www.werner-eismann.de\/wp-content\/uploads\/2014\/08\/bio_11.jpg\"><img loading=\"lazy\" class=\"alignnone size-medium wp-image-969\" src=\"http:\/\/www.werner-eismann.de\/wp-content\/uploads\/2014\/08\/bio_11-224x300.jpg\" alt=\"bio_11\" width=\"224\" height=\"300\" \/><\/a><\/p>\n<p><a href=\"http:\/\/www.werner-eismann.de\/wp-content\/uploads\/2014\/08\/bio_12.jpg\"><img loading=\"lazy\" class=\"alignnone  wp-image-970\" src=\"http:\/\/www.werner-eismann.de\/wp-content\/uploads\/2014\/08\/bio_12-211x300.jpg\" alt=\"bio_12\" width=\"272\" height=\"387\" \/><\/a><\/p>\n<p><strong>Nun was pers\u00f6nliches:<\/strong><br \/>\nMein Instrument: Rickenbacker Bass<br \/>\nLieblingsinstrument: Cello<br \/>\nLieblingsauto: Porsche (993) 911 Turbo<br \/>\nLieblings-CD: Deep Purple in Rock<br \/>\nLieblingssong: Child in time<br \/>\nLieblingst\u00e4tigkeit: Barfuss am Sandstrand laufen<br \/>\nLieblingstier: \u2020Mizemau, meine schwarze Katze<\/p>","protected":false},"excerpt":{"rendered":"<p>Werner Eismann Geboren am 24. Okt. 1957.\u00a0W\u00fcnschte sich irgendwann im Sommer 1969 eine Wandergitarre zu Weihnachten mit Bruder Gerhard. Der Wunsch geriet jedoch in Vergessenheit und die \u00dcberraschung Weihnachten 1968 war umso gr\u00f6sser. Dann gab es Gitarrenunterricht in der Instrumentalgruppe der GSK Kirchhain bei\u00a0Frau Henkel\u00a0(&#8230; sie ist Schuld &#8230; an allem &#8230;). Frau Henkel hatte [&hellip;]<\/p>\n","protected":false},"author":1,"featured_media":0,"parent":0,"menu_order":0,"comment_status":"open","ping_status":"open","template":"","meta":[],"_links":{"self":[{"href":"https:\/\/www.werner-eismann.de\/index.php?rest_route=\/wp\/v2\/pages\/918"}],"collection":[{"href":"https:\/\/www.werner-eismann.de\/index.php?rest_route=\/wp\/v2\/pages"}],"about":[{"href":"https:\/\/www.werner-eismann.de\/index.php?rest_route=\/wp\/v2\/types\/page"}],"author":[{"embeddable":true,"href":"https:\/\/www.werner-eismann.de\/index.php?rest_route=\/wp\/v2\/users\/1"}],"replies":[{"embeddable":true,"href":"https:\/\/www.werner-eismann.de\/index.php?rest_route=%2Fwp%2Fv2%2Fcomments&post=918"}],"version-history":[{"count":4,"href":"https:\/\/www.werner-eismann.de\/index.php?rest_route=\/wp\/v2\/pages\/918\/revisions"}],"predecessor-version":[{"id":1591,"href":"https:\/\/www.werner-eismann.de\/index.php?rest_route=\/wp\/v2\/pages\/918\/revisions\/1591"}],"wp:attachment":[{"href":"https:\/\/www.werner-eismann.de\/index.php?rest_route=%2Fwp%2Fv2%2Fmedia&parent=918"}],"curies":[{"name":"wp","href":"https:\/\/api.w.org\/{rel}","templated":true}]}}